{"id":5054,"date":"2025-09-29T00:46:52","date_gmt":"2025-09-28T22:46:52","guid":{"rendered":"https:\/\/montecarlobridgeclub.com\/?page_id=5054"},"modified":"2025-10-01T18:57:27","modified_gmt":"2025-10-01T16:57:27","slug":"register","status":"publish","type":"page","link":"https:\/\/montecarlobridgeclub.com\/fr\/register\/","title":{"rendered":"Registre"},"content":{"rendered":"<div data-elementor-type=\"wp-post\" data-elementor-id=\"5054\" class=\"elementor elementor-5054\">\n\t\t\t\t\t\t<section class=\"elementor-section elementor-top-section elementor-element elementor-element-3906703 elementor-section-boxed elementor-section-height-default elementor-section-height-default\" data-id=\"3906703\" data-element_type=\"section\" data-e-type=\"section\" data-settings=\"{&quot;background_background&quot;:&quot;classic&quot;}\">\n\t\t\t\t\t\t\t<div class=\"elementor-background-overlay\"><\/div>\n\t\t\t\t\t\t\t<div class=\"elementor-container elementor-column-gap-default\">\n\t\t\t\t\t<div class=\"elementor-column elementor-col-100 elementor-top-column elementor-element elementor-element-24c9f1f\" data-id=\"24c9f1f\" data-element_type=\"column\" data-e-type=\"column\">\n\t\t\t<div class=\"elementor-widget-wrap elementor-element-populated\">\n\t\t\t\t\t\t<div class=\"elementor-element elementor-element-a5e247a elementor-widget elementor-widget-heading\" data-id=\"a5e247a\" data-element_type=\"widget\" data-e-type=\"widget\" data-widget_type=\"heading.default\">\n\t\t\t\t<div class=\"elementor-widget-container\">\n\t\t\t\t\t<h1 class=\"elementor-heading-title elementor-size-default\">Registre<\/h1>\t\t\t\t<\/div>\n\t\t\t\t<\/div>\n\t\t\t\t\t<\/div>\n\t\t<\/div>\n\t\t\t\t\t<\/div>\n\t\t<\/section>\n\t\t\t\t<section class=\"elementor-section elementor-top-section elementor-element elementor-element-22ff5c8 elementor-section-boxed elementor-section-height-default elementor-section-height-default\" data-id=\"22ff5c8\" data-element_type=\"section\" data-e-type=\"section\">\n\t\t\t\t\t\t<div class=\"elementor-container elementor-column-gap-default\">\n\t\t\t\t\t<div class=\"elementor-column elementor-col-100 elementor-top-column elementor-element elementor-element-c15593b\" data-id=\"c15593b\" data-element_type=\"column\" data-e-type=\"column\">\n\t\t\t<div class=\"elementor-widget-wrap elementor-element-populated\">\n\t\t\t\t\t\t<div class=\"elementor-element elementor-element-9a9d34d elementor-widget elementor-widget-text-editor\" data-id=\"9a9d34d\" data-element_type=\"widget\" data-e-type=\"widget\" data-widget_type=\"text-editor.default\">\n\t\t\t\t<div class=\"elementor-widget-container\">\n\t\t\t\t\t\t\t\t\t<p>Merci d\u2019utiliser ce formulaire pour vous inscrire \u00e0 un tournoi ou annuler une r\u00e9servation existante.\nLe formulaire n\u2019exige ni l\u2019enregistrement de cookies sur votre appareil, ni le partage de vos coordonn\u00e9es.\n\nApr\u00e8s avoir r\u00e9pondu \u00e0 chaque question, merci de cliquer sur \u00ab\u202fNext\u202f\u00bb (Suivant). C\u2019est la seule chose qui n\u2019a pas pu \u00eatre traduite.<\/p><p><strong>Il n\u2019est pas n\u00e9cessaire de se connecter \u00e0 Google.<\/strong><\/p>\t\t\t\t\t\t\t\t<\/div>\n\t\t\t\t<\/div>\n\t\t\t\t\t<\/div>\n\t\t<\/div>\n\t\t\t\t\t<\/div>\n\t\t<\/section>\n\t\t\t\t<section class=\"elementor-section elementor-top-section elementor-element elementor-element-7bb2603 elementor-section-boxed elementor-section-height-default elementor-section-height-default\" data-id=\"7bb2603\" data-element_type=\"section\" data-e-type=\"section\">\n\t\t\t\t\t\t<div class=\"elementor-container elementor-column-gap-default\">\n\t\t\t\t\t<div class=\"elementor-column elementor-col-100 elementor-top-column elementor-element elementor-element-a04c5ff\" data-id=\"a04c5ff\" data-element_type=\"column\" data-e-type=\"column\">\n\t\t\t<div class=\"elementor-widget-wrap elementor-element-populated\">\n\t\t\t\t\t\t<div class=\"elementor-element elementor-element-3c46750 elementor-widget elementor-widget-html\" data-id=\"3c46750\" data-element_type=\"widget\" data-e-type=\"widget\" data-widget_type=\"html.default\">\n\t\t\t\t<div class=\"elementor-widget-container\">\n\t\t\t\t\t<iframe src=\"https:\/\/docs.google.com\/forms\/d\/e\/1FAIpQLSdbkSnP3WAbpTBZmJZ4ZFm2hMTNM-BHsb3i3F_DIDodOIwckg\/viewform?embedded=true\" width=\"640\" height=\"399\" frameborder=\"0\" marginheight=\"0\" marginwidth=\"0\">Loading\u2026<\/iframe>\t\t\t\t<\/div>\n\t\t\t\t<\/div>\n\t\t\t\t\t<\/div>\n\t\t<\/div>\n\t\t\t\t\t<\/div>\n\t\t<\/section>\n\t\t\t\t<\/div>","protected":false},"excerpt":{"rendered":"<p>Register Please use this form to register for a tournament or cancel an existing booking. The form does not require any cookies to be save on your device nor does it require you to share any contact details. There is no need to sign into Google Loading\u2026<\/p>","protected":false},"author":1,"featured_media":0,"parent":0,"menu_order":0,"comment_status":"closed","ping_status":"closed","template":"","meta":{"site-sidebar-layout":"no-sidebar","site-content-layout":"page-builder","ast-site-content-layout":"default","site-content-style":"default","site-sidebar-style":"default","ast-global-header-display":"","ast-banner-title-visibility":"","ast-main-header-display":"","ast-hfb-above-header-display":"","ast-hfb-below-header-display":"","ast-hfb-mobile-header-display":"","site-post-title":"disabled","ast-breadcrumbs-content":"","ast-featured-img":"disabled","footer-sml-layout":"","ast-disable-related-posts":"","theme-transparent-header-meta":"enabled","adv-header-id-meta":"","stick-header-meta":"","header-above-stick-meta":"","header-main-stick-meta":"","header-below-stick-meta":"","astra-migrate-meta-layouts":"default","ast-page-background-enabled":"default","ast-page-background-meta":{"desktop":{"background-color":"","background-image":"","background-repeat":"repeat","background-position":"center center","background-size":"auto","background-attachment":"scroll","background-type":"","background-media":"","overlay-type":"","overlay-color":"","overlay-opacity":"","overlay-gradient":""},"tablet":{"background-color":"","background-image":"","background-repeat":"repeat","background-position":"center center","background-size":"auto","background-attachment":"scroll","background-type":"","background-media":"","overlay-type":"","overlay-color":"","overlay-opacity":"","overlay-gradient":""},"mobile":{"background-color":"","background-image":"","background-repeat":"repeat","background-position":"center center","background-size":"auto","background-attachment":"scroll","background-type":"","background-media":"","overlay-type":"","overlay-color":"","overlay-opacity":"","overlay-gradient":""}},"ast-content-background-meta":{"desktop":{"background-color":"var(--ast-global-color-5)","background-image":"","background-repeat":"repeat","background-position":"center center","background-size":"auto","background-attachment":"scroll","background-type":"","background-media":"","overlay-type":"","overlay-color":"","overlay-opacity":"","overlay-gradient":""},"tablet":{"background-color":"var(--ast-global-color-5)","background-image":"","background-repeat":"repeat","background-position":"center center","background-size":"auto","background-attachment":"scroll","background-type":"","background-media":"","overlay-type":"","overlay-color":"","overlay-opacity":"","overlay-gradient":""},"mobile":{"background-color":"var(--ast-global-color-5)","background-image":"","background-repeat":"repeat","background-position":"center center","background-size":"auto","background-attachment":"scroll","background-type":"","background-media":"","overlay-type":"","overlay-color":"","overlay-opacity":"","overlay-gradient":""}},"footnotes":""},"class_list":["post-5054","page","type-page","status-publish","hentry"],"_links":{"self":[{"href":"https:\/\/montecarlobridgeclub.com\/fr\/wp-json\/wp\/v2\/pages\/5054","targetHints":{"allow":["GET"]}}],"collection":[{"href":"https:\/\/montecarlobridgeclub.com\/fr\/wp-json\/wp\/v2\/pages"}],"about":[{"href":"https:\/\/montecarlobridgeclub.com\/fr\/wp-json\/wp\/v2\/types\/page"}],"author":[{"embeddable":true,"href":"https:\/\/montecarlobridgeclub.com\/fr\/wp-json\/wp\/v2\/users\/1"}],"replies":[{"embeddable":true,"href":"https:\/\/montecarlobridgeclub.com\/fr\/wp-json\/wp\/v2\/comments?post=5054"}],"version-history":[{"count":16,"href":"https:\/\/montecarlobridgeclub.com\/fr\/wp-json\/wp\/v2\/pages\/5054\/revisions"}],"predecessor-version":[{"id":5093,"href":"https:\/\/montecarlobridgeclub.com\/fr\/wp-json\/wp\/v2\/pages\/5054\/revisions\/5093"}],"wp:attachment":[{"href":"https:\/\/montecarlobridgeclub.com\/fr\/wp-json\/wp\/v2\/media?parent=5054"}],"curies":[{"name":"wp","href":"https:\/\/api.w.org\/{rel}","templated":true}]}}