{"id":3620,"date":"2024-08-22T23:49:59","date_gmt":"2024-08-22T21:49:59","guid":{"rendered":"https:\/\/montecarlobridgeclub.com\/?page_id=3620"},"modified":"2025-11-05T20:47:52","modified_gmt":"2025-11-05T18:47:52","slug":"hands-2","status":"publish","type":"page","link":"https:\/\/montecarlobridgeclub.com\/fr\/hands-2\/","title":{"rendered":"Les Mains"},"content":{"rendered":"<div data-elementor-type=\"wp-post\" data-elementor-id=\"3620\" class=\"elementor elementor-3620\">\n\t\t\t\t\t\t<section class=\"elementor-section elementor-top-section elementor-element elementor-element-33a79095 elementor-section-boxed elementor-section-height-default elementor-section-height-default\" data-id=\"33a79095\" data-element_type=\"section\" data-e-type=\"section\" data-settings=\"{&quot;background_background&quot;:&quot;classic&quot;}\">\n\t\t\t\t\t\t\t<div class=\"elementor-background-overlay\"><\/div>\n\t\t\t\t\t\t\t<div class=\"elementor-container elementor-column-gap-default\">\n\t\t\t\t\t<div class=\"elementor-column elementor-col-100 elementor-top-column elementor-element elementor-element-3706530d\" data-id=\"3706530d\" data-element_type=\"column\" data-e-type=\"column\">\n\t\t\t<div class=\"elementor-widget-wrap elementor-element-populated\">\n\t\t\t\t\t\t<div class=\"elementor-element elementor-element-537de1f elementor-widget elementor-widget-heading\" data-id=\"537de1f\" data-element_type=\"widget\" data-e-type=\"widget\" data-widget_type=\"heading.default\">\n\t\t\t\t<div class=\"elementor-widget-container\">\n\t\t\t\t\t<h1 class=\"elementor-heading-title elementor-size-default\">Les Mains<\/h1>\t\t\t\t<\/div>\n\t\t\t\t<\/div>\n\t\t\t\t\t<\/div>\n\t\t<\/div>\n\t\t\t\t\t<\/div>\n\t\t<\/section>\n\t\t\t\t<section class=\"elementor-section elementor-top-section elementor-element elementor-element-650d294 elementor-section-boxed elementor-section-height-default elementor-section-height-default\" data-id=\"650d294\" data-element_type=\"section\" data-e-type=\"section\">\n\t\t\t\t\t\t<div class=\"elementor-container elementor-column-gap-default\">\n\t\t\t\t\t<div class=\"elementor-column elementor-col-100 elementor-top-column elementor-element elementor-element-48d3f51\" data-id=\"48d3f51\" data-element_type=\"column\" data-e-type=\"column\">\n\t\t\t<div class=\"elementor-widget-wrap\">\n\t\t\t\t\t\t\t<\/div>\n\t\t<\/div>\n\t\t\t\t\t<\/div>\n\t\t<\/section>\n\t\t\t\t<section class=\"elementor-section elementor-top-section elementor-element elementor-element-2430cf8 elementor-section-boxed elementor-section-height-default elementor-section-height-default\" data-id=\"2430cf8\" data-element_type=\"section\" data-e-type=\"section\">\n\t\t\t\t\t\t<div class=\"elementor-container elementor-column-gap-default\">\n\t\t\t\t\t<div class=\"elementor-column elementor-col-100 elementor-top-column elementor-element elementor-element-a608530\" data-id=\"a608530\" data-element_type=\"column\" data-e-type=\"column\">\n\t\t\t<div class=\"elementor-widget-wrap elementor-element-populated\">\n\t\t\t\t\t\t<div class=\"elementor-element elementor-element-00cf7fb elementor-widget elementor-widget-text-editor\" data-id=\"00cf7fb\" data-element_type=\"widget\" data-e-type=\"widget\" data-widget_type=\"text-editor.default\">\n\t\t\t\t<div class=\"elementor-widget-container\">\n\t\t\t\t\t\t\t\t\t<p data-start=\"165\" data-end=\"338\">Apr\u00e8s chaque partie, nous voulons tous savoir comment nous nous en sommes sortis.<\/p><p data-start=\"165\" data-end=\"338\" class=\" translation-block\">Le tableau ci-dessous pr\u00e9sente les donnes de chaque tournoi, accompagn\u00e9es de la m\u00eame analyse Double Dummy que vous voyez sur le Bridgemate.<\/p><p data-start=\"340\" data-end=\"527\" class=\" translation-block\">Cette analyse indique quels contrats pourraient \u00eatre r\u00e9alis\u00e9s en supposant le meilleur jeu possible de la part des quatre joueurs : l\u2019entame parfaite, une d\u00e9fense irr\u00e9prochable et une connaissance compl\u00e8te de toutes les cartes.<\/p><p data-start=\"529\" data-end=\"747\" class=\" translation-block\">Il est important de se rappeler qu\u2019il s\u2019agit d\u2019un r\u00e9sultat th\u00e9orique. L\u2019analyse Double Dummy est ind\u00e9pendante de tout syst\u00e8me d\u2019ench\u00e8res et montre ce qui est techniquement possible, pas n\u00e9cessairement ce qui peut \u00eatre atteint en situation r\u00e9elle.<\/p><p data-start=\"749\" data-end=\"947\">Ainsi, si l\u2019analyse indique qu\u2019un contrat est r\u00e9alisable mais que vous ne l\u2019avez pas fait, ne vous inqui\u00e9tez pas. La ligne gagnante peut d\u00e9pendre du fait de conna\u00eetre la position exacte de toutes les cartes \u2014 ce qu\u2019aucun joueur ne peut savoir \u00e0 la table.<\/p><p data-start=\"949\" data-end=\"1016\"><strong data-start=\"949\" data-end=\"1016\">Amusez-vous \u00e0 explorer les possibilit\u00e9s, et soyez indulgent avec votre partenaire !<\/strong><\/p>\t\t\t\t\t\t\t\t<\/div>\n\t\t\t\t<\/div>\n\t\t\t\t\t<\/div>\n\t\t<\/div>\n\t\t\t\t\t<\/div>\n\t\t<\/section>\n\t\t\t\t<section class=\"elementor-section elementor-top-section elementor-element elementor-element-f44e914 elementor-section-boxed elementor-section-height-default elementor-section-height-default\" data-id=\"f44e914\" data-element_type=\"section\" data-e-type=\"section\">\n\t\t\t\t\t\t<div class=\"elementor-container elementor-column-gap-default\">\n\t\t\t\t\t<div class=\"elementor-column elementor-col-33 elementor-top-column elementor-element elementor-element-9e158c7\" data-id=\"9e158c7\" data-element_type=\"column\" data-e-type=\"column\">\n\t\t\t<div class=\"elementor-widget-wrap elementor-element-populated\">\n\t\t\t\t\t\t<div class=\"elementor-element elementor-element-73a7895 elementor-widget elementor-widget-text-editor\" data-id=\"73a7895\" data-element_type=\"widget\" data-e-type=\"widget\" data-widget_type=\"text-editor.default\">\n\t\t\t\t<div class=\"elementor-widget-container\">\n\t\t\t\t\t\t\t\t\t<p>*<em>*Les Mains vous donnera toutes les mains de la comp\u00e9tition ainsi que leurs analyses. Vous pouvez les t\u00e9l\u00e9charger et\/ou les imprimer.<\/em><\/p>\t\t\t\t\t\t\t\t<\/div>\n\t\t\t\t<\/div>\n\t\t\t\t\t<\/div>\n\t\t<\/div>\n\t\t\t\t<div class=\"elementor-column elementor-col-33 elementor-top-column elementor-element elementor-element-391e7ad\" data-id=\"391e7ad\" data-element_type=\"column\" data-e-type=\"column\">\n\t\t\t<div class=\"elementor-widget-wrap elementor-element-populated\">\n\t\t\t\t\t\t<div class=\"elementor-element elementor-element-f7861a9 elementor-widget__width-initial elementor-widget elementor-widget-shortcode\" data-id=\"f7861a9\" data-element_type=\"widget\" data-e-type=\"widget\" data-widget_type=\"shortcode.default\">\n\t\t\t\t<div class=\"elementor-widget-container\">\n\t\t\t\t\t\t\t<div class=\"elementor-shortcode\">\n<table id=\"tablepress-1\" class=\"tablepress tablepress-id-1\">\n<thead>\n<tr class=\"row-1\">\n\t<th class=\"column-1\">Date<\/th><th class=\"column-2\">Les Mains<\/th><th class=\"column-3\">Analysis<\/th>\n<\/tr>\n<\/thead>\n<tbody class=\"row-striping row-hover\">\n<tr class=\"row-2\">\n\t<td class=\"column-1\">17\/11\/2025<\/td><td class=\"column-2\"><\/td><td class=\"column-3\"><a href=\"https:\/\/montecarlobridgeclub.com\/bsol\/ddummy.htm?analyse=true&amp;Title=Ronde%20de%20France%2017%2011%202025&amp;file=https:\/\/montecarlobridgeclub.com\/hands\/RDF20251117A.pbn\" target=\"_blank\" rel=\"noopener\">Analysis<\/a><\/td>\n<\/tr>\n<tr class=\"row-3\">\n\t<td class=\"column-1\">10\/11\/2025<\/td><td class=\"column-2\"><a href=\"https:\/\/montecarlobridgeclub.com\/wp-content\/uploads\/2025\/11\/RDF20251110A.pdf\">Ronde de France<\/a><\/td><td class=\"column-3\"><a href=\"https:\/\/montecarlobridgeclub.com\/bsol\/ddummy.htm?analyse=true&amp;Title=Ronde%20de%20France%2010%2011%202025&amp;file=https:\/\/montecarlobridgeclub.com\/hands\/RDF20251110A.pbn\" target=\"_blank\" rel=\"noopener\">Analysis<\/a><\/td>\n<\/tr>\n<tr class=\"row-4\">\n\t<td class=\"column-1\">03\/11\/2025<\/td><td class=\"column-2\"><a href=\"https:\/\/montecarlobridgeclub.com\/wp-content\/uploads\/2025\/11\/RDF20251103A.pdf\">Ronde de France<\/a><\/td><td class=\"column-3\"><a href=\"https:\/\/montecarlobridgeclub.com\/bsol\/ddummy.htm?analyse=true&amp;Title=Ronde%20de%20France%2003%2011%202025&amp;file=https:\/\/montecarlobridgeclub.com\/hands\/RDF20251103A.pbn\" target=\"_blank\" rel=\"noopener\">Analysis<\/a><\/td>\n<\/tr>\n<tr class=\"row-5\">\n\t<td class=\"column-1\">27\/10\/2025<\/td><td class=\"column-2\"><a href=\"https:\/\/montecarlobridgeclub.com\/wp-content\/uploads\/2025\/10\/RDF20251027A.pdf\">Ronde de France<\/a><\/td><td class=\"column-3\"><a href=\"https:\/\/montecarlobridgeclub.com\/bsol\/ddummy.htm?analyse=true&amp;Title=Ronde%20de%20France%2027%2010%202025&amp;file=https:\/\/montecarlobridgeclub.com\/hands\/RDF20251027A.pbn\" target=\"_blank\" rel=\"noopener\">Analysis<\/a><\/td>\n<\/tr>\n<tr class=\"row-6\">\n\t<td class=\"column-1\">20\/10\/2025<\/td><td class=\"column-2\"><a href=\"https:\/\/montecarlobridgeclub.com\/wp-content\/uploads\/2025\/10\/RDF20251020A.pdf\">Ronde de France<\/a><\/td><td class=\"column-3\"><a href=\"https:\/\/montecarlobridgeclub.com\/bsol\/ddummy.htm?analyse=true&amp;Title=Ronde%20de%20France%2020%2010%202025&amp;file=https:\/\/montecarlobridgeclub.com\/hands\/RDF20251020A.pbn\" target=\"_blank\" rel=\"noopener\">Analysis<\/a><\/td>\n<\/tr>\n<tr class=\"row-7\">\n\t<td class=\"column-1\">22\/09\/2025<\/td><td class=\"column-2\"><a href=\"https:\/\/montecarlobridgeclub.com\/wp-content\/uploads\/2025\/09\/FSI20250922A.pdf\">Festival de Simultane<\/a><\/td><td class=\"column-3\"><a href=\"https:\/\/montecarlobridgeclub.com\/bsol\/ddummy.htm?analyse=true&amp;Title=Festival%20de%20Simultane%2022%2009%202025&amp;file=https:\/\/montecarlobridgeclub.com\/hands\/FSI20250922A.pbn\" target=\"_blank\" rel=\"noopener\">Analysis<\/a><\/td>\n<\/tr>\n<tr class=\"row-8\">\n\t<td class=\"column-1\">19\/09\/2025<\/td><td class=\"column-2\"><a href=\"https:\/\/montecarlobridgeclub.com\/wp-content\/uploads\/2025\/09\/FSI20250919A.pdf\">Festival de Simultane<\/a><\/td><td class=\"column-3\"><a href=\"https:\/\/montecarlobridgeclub.com\/bsol\/ddummy.htm?analyse=true&amp;Title=Festival%20de%20Simultane%2019%2009%202025&amp;file=https:\/\/montecarlobridgeclub.com\/hands\/FSI20250919A.pbn\" target=\"_blank\" rel=\"noopener\">Analysis<\/a><\/td>\n<\/tr>\n<tr class=\"row-9\">\n\t<td class=\"column-1\">17\/09\/2025<\/td><td class=\"column-2\"><a href=\"https:\/\/montecarlobridgeclub.com\/wp-content\/uploads\/2025\/09\/FSI20250917At.pdf\">Festival de Simultane<\/a><\/td><td class=\"column-3\"><a href=\"https:\/\/montecarlobridgeclub.com\/bsol\/ddummy.htm?analyse=true&amp;Title=Festival%20de%20Simultane%2017%2009%202025&amp;file=https:\/\/montecarlobridgeclub.com\/hands\/FSI20250917A.pbn\" target=\"_blank\" rel=\"noopener\">Analysis<\/a><\/td>\n<\/tr>\n<tr class=\"row-10\">\n\t<td class=\"column-1\">15\/09\/2025<\/td><td class=\"column-2\"><a href=\"https:\/\/montecarlobridgeclub.com\/wp-content\/uploads\/2025\/09\/FSI20250915A.pdf\">Festival de Simultane<\/a><\/td><td class=\"column-3\"><a href=\"https:\/\/montecarlobridgeclub.com\/bsol\/ddummy.htm?analyse=true&amp;Title=Festival%20de%20Simultane%2015%2009%202025&amp;file=https:\/\/montecarlobridgeclub.com\/hands\/FSI20250915A.pbn\" target=\"_blank\" rel=\"noopener\">Analysis<\/a><\/td>\n<\/tr>\n<\/tbody>\n<\/table>\n<\/div>\n\t\t\t\t\t\t<\/div>\n\t\t\t\t<\/div>\n\t\t\t\t\t<\/div>\n\t\t<\/div>\n\t\t\t\t<div class=\"elementor-column elementor-col-33 elementor-top-column elementor-element elementor-element-8303a99\" data-id=\"8303a99\" data-element_type=\"column\" data-e-type=\"column\">\n\t\t\t<div class=\"elementor-widget-wrap elementor-element-populated\">\n\t\t\t\t\t\t<div class=\"elementor-element elementor-element-b6be991 elementor-widget elementor-widget-text-editor\" data-id=\"b6be991\" data-element_type=\"widget\" data-e-type=\"widget\" data-widget_type=\"text-editor.default\">\n\t\t\t\t<div class=\"elementor-widget-container\">\n\t\t\t\t\t\t\t\t\t<p><em>*Analysis affichera un outil de r\u00e9solution de mains de bridge en ligne o\u00f9 vous pourrez exp\u00e9rimenter diff\u00e9rentes lignes de jeu pour voir comment le contrat optimal pourrait \u00eatre jou\u00e9.<\/em><\/p>\t\t\t\t\t\t\t\t<\/div>\n\t\t\t\t<\/div>\n\t\t\t\t\t<\/div>\n\t\t<\/div>\n\t\t\t\t\t<\/div>\n\t\t<\/section>\n\t\t\t\t<\/div>","protected":false},"excerpt":{"rendered":"<p>Hands After each game, we all want to see how we did. The table below shows the hands from each tournament together with the same Double Dummy Analysis you see on the Bridgemate. The analysis reveals which contracts could be made assuming the best possible play from all four hands: the perfect opening lead, flawless [&hellip;]<\/p>\n","protected":false},"author":1,"featured_media":0,"parent":0,"menu_order":0,"comment_status":"closed","ping_status":"closed","template":"","meta":{"site-sidebar-layout":"no-sidebar","site-content-layout":"page-builder","ast-site-content-layout":"default","site-content-style":"default","site-sidebar-style":"default","ast-global-header-display":"","ast-banner-title-visibility":"","ast-main-header-display":"","ast-hfb-above-header-display":"","ast-hfb-below-header-display":"","ast-hfb-mobile-header-display":"","site-post-title":"disabled","ast-breadcrumbs-content":"","ast-featured-img":"disabled","footer-sml-layout":"","ast-disable-related-posts":"","theme-transparent-header-meta":"enabled","adv-header-id-meta":"","stick-header-meta":"","header-above-stick-meta":"","header-main-stick-meta":"","header-below-stick-meta":"","astra-migrate-meta-layouts":"default","ast-page-background-enabled":"default","ast-page-background-meta":{"desktop":{"background-color":"","background-image":"","background-repeat":"repeat","background-position":"center center","background-size":"auto","background-attachment":"scroll","background-type":"","background-media":"","overlay-type":"","overlay-color":"","overlay-opacity":"","overlay-gradient":""},"tablet":{"background-color":"","background-image":"","background-repeat":"repeat","background-position":"center center","background-size":"auto","background-attachment":"scroll","background-type":"","background-media":"","overlay-type":"","overlay-color":"","overlay-opacity":"","overlay-gradient":""},"mobile":{"background-color":"","background-image":"","background-repeat":"repeat","background-position":"center center","background-size":"auto","background-attachment":"scroll","background-type":"","background-media":"","overlay-type":"","overlay-color":"","overlay-opacity":"","overlay-gradient":""}},"ast-content-background-meta":{"desktop":{"background-color":"var(--ast-global-color-5)","background-image":"","background-repeat":"repeat","background-position":"center center","background-size":"auto","background-attachment":"scroll","background-type":"","background-media":"","overlay-type":"","overlay-color":"","overlay-opacity":"","overlay-gradient":""},"tablet":{"background-color":"var(--ast-global-color-5)","background-image":"","background-repeat":"repeat","background-position":"center center","background-size":"auto","background-attachment":"scroll","background-type":"","background-media":"","overlay-type":"","overlay-color":"","overlay-opacity":"","overlay-gradient":""},"mobile":{"background-color":"var(--ast-global-color-5)","background-image":"","background-repeat":"repeat","background-position":"center center","background-size":"auto","background-attachment":"scroll","background-type":"","background-media":"","overlay-type":"","overlay-color":"","overlay-opacity":"","overlay-gradient":""}},"footnotes":""},"class_list":["post-3620","page","type-page","status-publish","hentry"],"_links":{"self":[{"href":"https:\/\/montecarlobridgeclub.com\/fr\/wp-json\/wp\/v2\/pages\/3620","targetHints":{"allow":["GET"]}}],"collection":[{"href":"https:\/\/montecarlobridgeclub.com\/fr\/wp-json\/wp\/v2\/pages"}],"about":[{"href":"https:\/\/montecarlobridgeclub.com\/fr\/wp-json\/wp\/v2\/types\/page"}],"author":[{"embeddable":true,"href":"https:\/\/montecarlobridgeclub.com\/fr\/wp-json\/wp\/v2\/users\/1"}],"replies":[{"embeddable":true,"href":"https:\/\/montecarlobridgeclub.com\/fr\/wp-json\/wp\/v2\/comments?post=3620"}],"version-history":[{"count":33,"href":"https:\/\/montecarlobridgeclub.com\/fr\/wp-json\/wp\/v2\/pages\/3620\/revisions"}],"predecessor-version":[{"id":5203,"href":"https:\/\/montecarlobridgeclub.com\/fr\/wp-json\/wp\/v2\/pages\/3620\/revisions\/5203"}],"wp:attachment":[{"href":"https:\/\/montecarlobridgeclub.com\/fr\/wp-json\/wp\/v2\/media?parent=3620"}],"curies":[{"name":"wp","href":"https:\/\/api.w.org\/{rel}","templated":true}]}}