{"id":2412,"date":"2023-07-01T00:03:23","date_gmt":"2023-06-30T22:03:23","guid":{"rendered":"https:\/\/montecarlobridgeclub.com\/?page_id=2412"},"modified":"2025-11-02T18:03:07","modified_gmt":"2025-11-02T16:03:07","slug":"bridge-school","status":"publish","type":"page","link":"https:\/\/montecarlobridgeclub.com\/fr\/bridge-school\/","title":{"rendered":"Ecole de Bridge"},"content":{"rendered":"<div data-elementor-type=\"wp-page\" data-elementor-id=\"2412\" class=\"elementor elementor-2412\">\n\t\t\t\t\t\t<section class=\"elementor-section elementor-top-section elementor-element elementor-element-hywuuxu elementor-section-boxed elementor-section-height-default elementor-section-height-default\" data-id=\"hywuuxu\" data-element_type=\"section\" data-e-type=\"section\" data-settings=\"{&quot;background_background&quot;:&quot;classic&quot;}\">\n\t\t\t\t\t\t\t<div class=\"elementor-background-overlay\"><\/div>\n\t\t\t\t\t\t\t<div class=\"elementor-container elementor-column-gap-default\">\n\t\t\t\t\t<div class=\"elementor-column elementor-col-100 elementor-top-column elementor-element elementor-element-fd69444\" data-id=\"fd69444\" data-element_type=\"column\" data-e-type=\"column\">\n\t\t\t<div class=\"elementor-widget-wrap elementor-element-populated\">\n\t\t\t\t\t\t<div class=\"elementor-element elementor-element-abcc2f2 elementor-widget elementor-widget-heading\" data-id=\"abcc2f2\" data-element_type=\"widget\" data-e-type=\"widget\" data-widget_type=\"heading.default\">\n\t\t\t\t<div class=\"elementor-widget-container\">\n\t\t\t\t\t<h1 class=\"elementor-heading-title elementor-size-default\">Ecole de Bridge<\/h1>\t\t\t\t<\/div>\n\t\t\t\t<\/div>\n\t\t\t\t\t<\/div>\n\t\t<\/div>\n\t\t\t\t\t<\/div>\n\t\t<\/section>\n\t\t\t\t<section class=\"elementor-section elementor-top-section elementor-element elementor-element-342c61d elementor-section-boxed elementor-section-height-default elementor-section-height-default\" data-id=\"342c61d\" data-element_type=\"section\" data-e-type=\"section\">\n\t\t\t\t\t\t<div class=\"elementor-container elementor-column-gap-default\">\n\t\t\t\t\t<div class=\"elementor-column elementor-col-100 elementor-top-column elementor-element elementor-element-42dd309\" data-id=\"42dd309\" data-element_type=\"column\" data-e-type=\"column\">\n\t\t\t<div class=\"elementor-widget-wrap elementor-element-populated\">\n\t\t\t\t\t\t<div class=\"elementor-element elementor-element-1c4fab4 elementor-widget elementor-widget-text-editor\" data-id=\"1c4fab4\" data-element_type=\"widget\" data-e-type=\"widget\" data-widget_type=\"text-editor.default\">\n\t\t\t\t<div class=\"elementor-widget-container\">\n\t\t\t\t\t\t\t\t\t<div><span lang=\"EN-GB\">La F\u00e9d\u00e9ration Mon\u00e9gasque de Bridge (FMB) g\u00e8re une \u00e9cole de bridge pour enfants et pour adultes dans le cadre de l'Universit\u00e9 de Bridge de la F\u00e9d\u00e9ration Fran\u00e7aise de Bridge. Plusieurs membres du Monte Carlo Bridge Club se consacrent b\u00e9n\u00e9volement \u00e0 cette cause.<\/span><\/div>\t\t\t\t\t\t\t\t<\/div>\n\t\t\t\t<\/div>\n\t\t\t\t\t<\/div>\n\t\t<\/div>\n\t\t\t\t\t<\/div>\n\t\t<\/section>\n\t\t\t\t<section class=\"elementor-section elementor-top-section elementor-element elementor-element-c0f21e8 elementor-section-boxed elementor-section-height-default elementor-section-height-default\" data-id=\"c0f21e8\" data-element_type=\"section\" data-e-type=\"section\">\n\t\t\t\t\t\t<div class=\"elementor-container elementor-column-gap-default\">\n\t\t\t\t\t<div class=\"elementor-column elementor-col-50 elementor-top-column elementor-element elementor-element-44d9ec4\" data-id=\"44d9ec4\" data-element_type=\"column\" data-e-type=\"column\">\n\t\t\t<div class=\"elementor-widget-wrap elementor-element-populated\">\n\t\t\t\t\t\t<div class=\"elementor-element elementor-element-e812f62 elementor-widget elementor-widget-heading\" data-id=\"e812f62\" data-element_type=\"widget\" data-e-type=\"widget\" data-widget_type=\"heading.default\">\n\t\t\t\t<div class=\"elementor-widget-container\">\n\t\t\t\t\t<h3 class=\"elementor-heading-title elementor-size-default\">Ecole de Bridge<\/h3>\t\t\t\t<\/div>\n\t\t\t\t<\/div>\n\t\t\t\t<div class=\"elementor-element elementor-element-3bfdd13 elementor-widget elementor-widget-text-editor\" data-id=\"3bfdd13\" data-element_type=\"widget\" data-e-type=\"widget\" data-widget_type=\"text-editor.default\">\n\t\t\t\t<div class=\"elementor-widget-container\">\n\t\t\t\t\t\t\t\t\t<p><span lang=\"EN-GB\">Depuis plus de 20 ans, des cours sont dispens\u00e9s aux enfants de l'\u00e9cole primaire. Ces derni\u00e8res ann\u00e9es, ces cours ont \u00e9t\u00e9 \u00e9tendus aux \u00e9l\u00e8ves de l'enseignement secondaire.<\/span><\/p>\t\t\t\t\t\t\t\t<\/div>\n\t\t\t\t<\/div>\n\t\t\t\t<div class=\"elementor-element elementor-element-7f0388d elementor-widget elementor-widget-text-editor\" data-id=\"7f0388d\" data-element_type=\"widget\" data-e-type=\"widget\" data-widget_type=\"text-editor.default\">\n\t\t\t\t<div class=\"elementor-widget-container\">\n\t\t\t\t\t\t\t\t\t<p><strong style=\"font-size: 1rem;\">Nous tenons actuellement les cours comme suit :<\/strong><\/p>\n<p><span style=\"font-size: 1rem; font-style: inherit;\">Ecole Saint \u2013 Charles \u00a0 \u00a0Les mercredis \u00a012h\/13h.<\/span><\/p>\n<p><span style=\"font-size: 1rem; font-style: inherit;\">Coll\u00e8ge Charles III \u00a0 Les lundis 8h\/9h \u2013\u00a0 mardis 12h\/13h \u2013 vendredis 14h\/15h&nbsp;<\/span><\/p>\n<p><span style=\"font-size: 1rem;\">Coll\u00e8ge FANB\u00a0 Les mardis 12h\/13h<\/span><\/p>\n<p><span style=\"font-size: 1rem;\">Lyc\u00e9e Albert 1er \u00a0Les mercredis \u00a012h\/13h.<\/span><\/p>\t\t\t\t\t\t\t\t<\/div>\n\t\t\t\t<\/div>\n\t\t\t\t<div class=\"elementor-element elementor-element-8cb7849 elementor-widget elementor-widget-text-editor\" data-id=\"8cb7849\" data-element_type=\"widget\" data-e-type=\"widget\" data-widget_type=\"text-editor.default\">\n\t\t\t\t<div class=\"elementor-widget-container\">\n\t\t\t\t\t\t\t\t\t<p>Au cours des deux derni\u00e8res ann\u00e9es, nous avons initi\u00e9 plus de 100 \u00e9l\u00e8ves au monde du bridge, un v\u00e9ritable succ\u00e8s.<\/p>\t\t\t\t\t\t\t\t<\/div>\n\t\t\t\t<\/div>\n\t\t\t\t\t<\/div>\n\t\t<\/div>\n\t\t\t\t<div class=\"elementor-column elementor-col-50 elementor-top-column elementor-element elementor-element-4cb19ab\" data-id=\"4cb19ab\" data-element_type=\"column\" data-e-type=\"column\">\n\t\t\t<div class=\"elementor-widget-wrap elementor-element-populated\">\n\t\t\t\t\t\t<div class=\"elementor-element elementor-element-db16f20 elementor-widget elementor-widget-heading\" data-id=\"db16f20\" data-element_type=\"widget\" data-e-type=\"widget\" data-widget_type=\"heading.default\">\n\t\t\t\t<div class=\"elementor-widget-container\">\n\t\t\t\t\t<h3 class=\"elementor-heading-title elementor-size-default\">Cours pour adultes<\/h3>\t\t\t\t<\/div>\n\t\t\t\t<\/div>\n\t\t\t\t<div class=\"elementor-element elementor-element-d8237ba elementor-widget elementor-widget-text-editor\" data-id=\"d8237ba\" data-element_type=\"widget\" data-e-type=\"widget\" data-widget_type=\"text-editor.default\">\n\t\t\t\t<div class=\"elementor-widget-container\">\n\t\t\t\t\t\t\t\t\t<p class=\" translation-block\">Des cours collectifs r\u00e9guliers sont donn\u00e9s aux joueurs d\u00e9butants et interm\u00e9diaires au Centre des associations (A Case d'i Soci - pr\u00e8s du Starbucks), 2bis Prom Honore II. Nous enseignons le syst\u00e8me fran\u00e7ais des 5 cartes majeures, connu sous le nom de Syst\u00e8me d'Enseignement Fran\u00e7ais (SEF).<\/p><p>Chaque cours d'un an commence en septembre avec des pauses pour les vacances de P\u00e2ques, de No\u00ebl et les vacances d'\u00e9t\u00e9. Les frais de cours s'\u00e9l\u00e8vent \u00e0 10 \u20ac par le\u00e7on.<\/p><p>Les le\u00e7ons sont <b>UNIQUEMENT<\/b> en fran\u00e7aise.<\/p><p><span style=\"caret-color: #000000; color: #000000; font-size: medium;\">Nos cours de bridge suivent un programme structur\u00e9 et sont r\u00e9serv\u00e9s aux \u00e9l\u00e8ves inscrits (8 \u00e0 10 par cours). Comme chaque le\u00e7on s\u2019appuie sur la pr\u00e9c\u00e9dente, il n\u2019est g\u00e9n\u00e9ralement pas possible d\u2019accepter de nouveaux participants une fois le cours commenc\u00e9, et nous n\u2019acceptons pas les participations ponctuelles.<\/span><\/p><p>\u00a0Le FMB organise un tournoi de d\u00e9couverte et un repas annuel pour ses \u00e9tudiants.<\/p><p>Si vous appr\u00e9ciez les le\u00e7ons, pensez \u00e0 adh\u00e9rer au Monte Carlo Bridge Club.<\/p>\t\t\t\t\t\t\t\t<\/div>\n\t\t\t\t<\/div>\n\t\t\t\t<div class=\"elementor-element elementor-element-66ee5eb elementor-widget elementor-widget-shortcode\" data-id=\"66ee5eb\" data-element_type=\"widget\" data-e-type=\"widget\" data-widget_type=\"shortcode.default\">\n\t\t\t\t<div class=\"elementor-widget-container\">\n\t\t\t\t\t\t\t<div class=\"elementor-shortcode\">\n<table id=\"tablepress-4\" class=\"tablepress tablepress-id-4\">\n<thead>\n<tr class=\"row-1\">\n\t<th class=\"column-1\">Le\u00e7on<\/th><th class=\"column-2\">Quand<\/th><th class=\"column-3\">Par<\/th>\n<\/tr>\n<\/thead>\n<tbody class=\"row-striping row-hover\">\n<tr class=\"row-2\">\n\t<td class=\"column-1\">D\u00e9butant 1<\/td><td class=\"column-2\">vendredis de 10 h \u00e0 12 h (\u00e0 partir du 19 septembre 2025)<\/td><td class=\"column-3\">Liz<\/td>\n<\/tr>\n<tr class=\"row-3\">\n\t<td class=\"column-1\">D\u00e9butant 2<\/td><td class=\"column-2\">Jeudi 10h00 - 12h00 (\u00e0 partir du 2 octobre 2025)<\/td><td class=\"column-3\">Claire<\/td>\n<\/tr>\n<tr class=\"row-4\">\n\t<td class=\"column-1\">Interm\u00e9diaire<\/td><td class=\"column-2\">Mardi  10h00 - 12h00 (\u00e0 partir du 23 septembre 2025)<\/td><td class=\"column-3\">Liz<\/td>\n<\/tr>\n<\/tbody>\n<\/table>\n<!-- #tablepress-4 from cache --><\/div>\n\t\t\t\t\t\t<\/div>\n\t\t\t\t<\/div>\n\t\t\t\t<div class=\"elementor-element elementor-element-40977fc elementor-widget elementor-widget-text-editor\" data-id=\"40977fc\" data-element_type=\"widget\" data-e-type=\"widget\" data-widget_type=\"text-editor.default\">\n\t\t\t\t<div class=\"elementor-widget-container\">\n\t\t\t\t\t\t\t\t\t<p><span style=\"caret-color: #000000; color: #000000; font-size: medium;\">D\u00e9butants 1 - Ce cours s'adresse aux personnes qui n'ont jamais jou\u00e9 au bridge ou qui ont tr\u00e8s peu jou\u00e9.  Il leur enseigne les principes de base du jeu.<\/span><\/p>\t\t\t\t\t\t\t\t<\/div>\n\t\t\t\t<\/div>\n\t\t\t\t<div class=\"elementor-element elementor-element-5467fc5 elementor-widget elementor-widget-text-editor\" data-id=\"5467fc5\" data-element_type=\"widget\" data-e-type=\"widget\" data-widget_type=\"text-editor.default\">\n\t\t\t\t<div class=\"elementor-widget-container\">\n\t\t\t\t\t\t\t\t\t<p>D\u00e9butant 2 - Ce cours s'appuie sur les connaissances acquises par nos \u00e9tudiants au cours de la premi\u00e8re ann\u00e9e de cours. \u00c0 la fin de ce cours, vous devriez \u00eatre en mesure de participer aux tournois du club.<\/p>\t\t\t\t\t\t\t\t<\/div>\n\t\t\t\t<\/div>\n\t\t\t\t<div class=\"elementor-element elementor-element-484157e elementor-widget elementor-widget-text-editor\" data-id=\"484157e\" data-element_type=\"widget\" data-e-type=\"widget\" data-widget_type=\"text-editor.default\">\n\t\t\t\t<div class=\"elementor-widget-container\">\n\t\t\t\t\t\t\t\t\t<p><span style=\"font-style: inherit;\">Interm\u00e9diaire - Ce cours explore des concepts plus avanc\u00e9s dans les conventions d'ench\u00e8res et le jeu afin de permettre aux participants de jouer dans des tournois r\u00e9guliers.<\/span><\/p>\t\t\t\t\t\t\t\t<\/div>\n\t\t\t\t<\/div>\n\t\t\t\t<div class=\"elementor-element elementor-element-c026b4f elementor-align-center elementor-widget elementor-widget-button\" data-id=\"c026b4f\" data-element_type=\"widget\" data-e-type=\"widget\" data-widget_type=\"button.default\">\n\t\t\t\t<div class=\"elementor-widget-container\">\n\t\t\t\t\t\t\t\t\t<div class=\"elementor-button-wrapper\">\n\t\t\t\t\t<a class=\"elementor-button elementor-button-link elementor-size-sm\" href=\"https:\/\/montecarlobridgeclub.com\/contact\/\" id=\"Contact\">\n\t\t\t\t\t\t<span class=\"elementor-button-content-wrapper\">\n\t\t\t\t\t\t\t\t\t<span class=\"elementor-button-text\">Nous Contacter<\/span>\n\t\t\t\t\t<\/span>\n\t\t\t\t\t<\/a>\n\t\t\t\t<\/div>\n\t\t\t\t\t\t\t\t<\/div>\n\t\t\t\t<\/div>\n\t\t\t\t<div class=\"elementor-element elementor-element-3e6aa42 elementor-widget elementor-widget-text-editor\" data-id=\"3e6aa42\" data-element_type=\"widget\" data-e-type=\"widget\" data-widget_type=\"text-editor.default\">\n\t\t\t\t<div class=\"elementor-widget-container\">\n\t\t\t\t\t\t\t\t\t<p>Veuillez nous contacter pour plus de d\u00e9tails<\/p>\t\t\t\t\t\t\t\t<\/div>\n\t\t\t\t<\/div>\n\t\t\t\t<div class=\"elementor-element elementor-element-fc1c7a1 elementor-widget elementor-widget-menu-anchor\" data-id=\"fc1c7a1\" data-element_type=\"widget\" data-e-type=\"widget\" data-widget_type=\"menu-anchor.default\">\n\t\t\t\t<div class=\"elementor-widget-container\">\n\t\t\t\t\t\t\t<div class=\"elementor-menu-anchor\" id=\"association\"><\/div>\n\t\t\t\t\t\t<\/div>\n\t\t\t\t<\/div>\n\t\t\t\t<div class=\"elementor-element elementor-element-f33ac1f elementor-widget elementor-widget-menu-anchor\" data-id=\"f33ac1f\" data-element_type=\"widget\" data-e-type=\"widget\" data-widget_type=\"menu-anchor.default\">\n\t\t\t\t<div class=\"elementor-widget-container\">\n\t\t\t\t\t\t\t<div class=\"elementor-menu-anchor\" id=\"association\"><\/div>\n\t\t\t\t\t\t<\/div>\n\t\t\t\t<\/div>\n\t\t\t\t<div class=\"elementor-element elementor-element-b3cca98 elementor-widget elementor-widget-heading\" data-id=\"b3cca98\" data-element_type=\"widget\" data-e-type=\"widget\" data-widget_type=\"heading.default\">\n\t\t\t\t<div class=\"elementor-widget-container\">\n\t\t\t\t\t<h3 class=\"elementor-heading-title elementor-size-default\">A Case d'i Soci<\/h3>\t\t\t\t<\/div>\n\t\t\t\t<\/div>\n\t\t\t\t<div class=\"elementor-element elementor-element-1d60721 elementor-widget elementor-widget-google_maps\" data-id=\"1d60721\" data-element_type=\"widget\" data-e-type=\"widget\" data-widget_type=\"google_maps.default\">\n\t\t\t\t<div class=\"elementor-widget-container\">\n\t\t\t\t\t\t\t<div class=\"elementor-custom-embed\">\n\t\t\t<iframe loading=\"lazy\"\n\t\t\t\t\tsrc=\"https:\/\/maps.google.com\/maps?q=A%20casa%20d%27soci%20monaco&#038;t=m&#038;z=15&#038;output=embed&#038;iwloc=near\"\n\t\t\t\t\ttitle=\"A casa d&#039;soci monaco\"\n\t\t\t\t\taria-label=\"A casa d&#039;soci monaco\"\n\t\t\t><\/iframe>\n\t\t<\/div>\n\t\t\t\t\t\t<\/div>\n\t\t\t\t<\/div>\n\t\t\t\t<div class=\"elementor-element elementor-element-261019d elementor-widget elementor-widget-text-editor\" data-id=\"261019d\" data-element_type=\"widget\" data-e-type=\"widget\" data-widget_type=\"text-editor.default\">\n\t\t\t\t<div class=\"elementor-widget-container\">\n\t\t\t\t\t\t\t\t\t<p>Les bus 1, 2, 4 et 6 passent tous \u00e0 proximit\u00e9 du Maison des Associations. Le parking de la Colle se trouve litt\u00e9ralement en dessous. La gare est \u00e0 seulement 10 minutes \u00e0 pied.<\/p>\t\t\t\t\t\t\t\t<\/div>\n\t\t\t\t<\/div>\n\t\t\t\t\t<\/div>\n\t\t<\/div>\n\t\t\t\t\t<\/div>\n\t\t<\/section>\n\t\t\t\t<\/div>","protected":false},"excerpt":{"rendered":"<p>Bridge School The Federation Monegasque de Bridge (FMB) runs a bridge school for children and for adults within the framework of the French Bridge Federation &#8211; Bridge University. Several members of the Monte Carlo Bridge Club volunteer their time to this cause. Bridge School For the last 20+ years lessons are provided to children in [&hellip;]<\/p>\n","protected":false},"author":1,"featured_media":0,"parent":0,"menu_order":0,"comment_status":"closed","ping_status":"closed","template":"","meta":{"site-sidebar-layout":"no-sidebar","site-content-layout":"page-builder","ast-site-content-layout":"default","site-content-style":"default","site-sidebar-style":"default","ast-global-header-display":"","ast-banner-title-visibility":"","ast-main-header-display":"","ast-hfb-above-header-display":"","ast-hfb-below-header-display":"","ast-hfb-mobile-header-display":"","site-post-title":"","ast-breadcrumbs-content":"","ast-featured-img":"disabled","footer-sml-layout":"","ast-disable-related-posts":"","theme-transparent-header-meta":"enabled","adv-header-id-meta":"","stick-header-meta":"","header-above-stick-meta":"","header-main-stick-meta":"","header-below-stick-meta":"","astra-migrate-meta-layouts":"default","ast-page-background-enabled":"default","ast-page-background-meta":{"desktop":{"background-color":"","background-image":"","background-repeat":"repeat","background-position":"center center","background-size":"auto","background-attachment":"scroll","background-type":"","background-media":"","overlay-type":"","overlay-color":"","overlay-opacity":"","overlay-gradient":""},"tablet":{"background-color":"","background-image":"","background-repeat":"repeat","background-position":"center center","background-size":"auto","background-attachment":"scroll","background-type":"","background-media":"","overlay-type":"","overlay-color":"","overlay-opacity":"","overlay-gradient":""},"mobile":{"background-color":"","background-image":"","background-repeat":"repeat","background-position":"center center","background-size":"auto","background-attachment":"scroll","background-type":"","background-media":"","overlay-type":"","overlay-color":"","overlay-opacity":"","overlay-gradient":""}},"ast-content-background-meta":{"desktop":{"background-color":"var(--ast-global-color-5)","background-image":"","background-repeat":"repeat","background-position":"center center","background-size":"auto","background-attachment":"scroll","background-type":"","background-media":"","overlay-type":"","overlay-color":"","overlay-opacity":"","overlay-gradient":""},"tablet":{"background-color":"var(--ast-global-color-5)","background-image":"","background-repeat":"repeat","background-position":"center center","background-size":"auto","background-attachment":"scroll","background-type":"","background-media":"","overlay-type":"","overlay-color":"","overlay-opacity":"","overlay-gradient":""},"mobile":{"background-color":"var(--ast-global-color-5)","background-image":"","background-repeat":"repeat","background-position":"center center","background-size":"auto","background-attachment":"scroll","background-type":"","background-media":"","overlay-type":"","overlay-color":"","overlay-opacity":"","overlay-gradient":""}},"footnotes":""},"class_list":["post-2412","page","type-page","status-publish","hentry"],"_links":{"self":[{"href":"https:\/\/montecarlobridgeclub.com\/fr\/wp-json\/wp\/v2\/pages\/2412","targetHints":{"allow":["GET"]}}],"collection":[{"href":"https:\/\/montecarlobridgeclub.com\/fr\/wp-json\/wp\/v2\/pages"}],"about":[{"href":"https:\/\/montecarlobridgeclub.com\/fr\/wp-json\/wp\/v2\/types\/page"}],"author":[{"embeddable":true,"href":"https:\/\/montecarlobridgeclub.com\/fr\/wp-json\/wp\/v2\/users\/1"}],"replies":[{"embeddable":true,"href":"https:\/\/montecarlobridgeclub.com\/fr\/wp-json\/wp\/v2\/comments?post=2412"}],"version-history":[{"count":245,"href":"https:\/\/montecarlobridgeclub.com\/fr\/wp-json\/wp\/v2\/pages\/2412\/revisions"}],"predecessor-version":[{"id":5170,"href":"https:\/\/montecarlobridgeclub.com\/fr\/wp-json\/wp\/v2\/pages\/2412\/revisions\/5170"}],"wp:attachment":[{"href":"https:\/\/montecarlobridgeclub.com\/fr\/wp-json\/wp\/v2\/media?parent=2412"}],"curies":[{"name":"wp","href":"https:\/\/api.w.org\/{rel}","templated":true}]}}